{"id":1422,"date":"2013-08-27T10:19:55","date_gmt":"2013-08-27T12:19:55","guid":{"rendered":"https:\/\/mettesteenholdt.com\/?page_id=1422"},"modified":"2023-12-07T18:15:28","modified_gmt":"2023-12-07T20:15:28","slug":"om-mette","status":"publish","type":"page","link":"https:\/\/mettesteenholdt.com\/en\/om-mette\/","title":{"rendered":"About Mette"},"content":{"rendered":"<p><a href=\"http:\/\/mettesteenholdt.com\/wp-content\/uploads\/2013\/08\/mette3.jpg\"><img loading=\"lazy\" decoding=\"async\" class=\"size-medium wp-image-61 alignnone\" src=\"http:\/\/mettesteenholdt.com\/wp-content\/uploads\/2013\/08\/mette3-300x199.jpg\" alt=\"mette3\" width=\"300\" height=\"199\" srcset=\"https:\/\/mettesteenholdt.com\/wp-content\/uploads\/2013\/08\/mette3-300x199.jpg 300w, https:\/\/mettesteenholdt.com\/wp-content\/uploads\/2013\/08\/mette3.jpg 960w\" sizes=\"auto, (max-width: 300px) 100vw, 300px\" \/><\/a><\/p>\n<p>Jeg hedder Mette Steenholdt, er 42 \u00e5r, gift med l\u00e6kre Thomas og har 2 dejlige b\u00f8rn, Marcus p\u00e5 15 \u00e5r og Milla p\u00e5 12 \u00e5r.<br \/>\nJeg arbejder som CSR- og uddannelsesmanager.<\/p>\n<p>Jeg er uddannet coach og har mit eget lille coachingbureau iPotential, hvor jeg tilbyder coaching, foredrag\u00a0og kurser.<\/p>\n<p>Jeg er f\u00f8dt og vokset op i Nuuk, men er ogs\u00e5 s\u00e5 privilegeret at have boet i, og f\u00e5et vigtige livsv\u00e6rdier med fra, nordgr\u00f8nland, sydgr\u00f8nland og Danmark.<\/p>\n<p>Jeg er noget af en chicken hvad ang. sport og det ekstreme, hvilke m\u00e5ske kan undre nogen. Men paradoksalt nok har jeg et drive inden i mig som absolut ikke vil acceptere det og vil have det modsatte bevist, f\u00f8r jeg v\u00e6lger at holde mig v\u00e6k. Hvis jeg f.eks. er bange for at st\u00e5 p\u00e5 ski og bange for h\u00f8jder, s\u00e5 er der noget inden i mig som r\u00e5ber &#8220;Du har ikke pr\u00f8vet det f\u00f8r, derfor kan du ikke v\u00e6re bange for det!&#8221;. S\u00e5 kravler jeg rystende ned i nogle skist\u00f8vler og begiver mig ud.<\/p>\n<p>Jeg elsker fjelde, bjerge og natur og synes selv at jeg er heldig at bo p\u00e5 Gr\u00f8nland, hvor jeg har alle muligheder for den sk\u00f8nneste og smukkete natur.<\/p>\n<p>Min mand og mine b\u00f8rn dyrker ogs\u00e5 meget sport. Min mand er cross-fit trainer og er meget passioneret omkring det, min s\u00f8n, Marcus, er fodbold-freak og lille Milla spiller h\u00e5ndbold og fodbold. S\u00e5\u00e5\u00e5\u00e5, sports-idioter? Jaaaa&#8230;.<\/p>\n<p><strong>RACE CV:<\/strong><br \/>\n2011: 160 km. langrends race ved Arctic Circle Race i Sisimiut (gennemf\u00f8rte 135 km.)<br \/>\n2012: 160 km. langrends race ved Arctic Circle Race i Sisimiut (gennemf\u00f8rte 160 km.)<br \/>\n2012: 22 km. terr\u00e6nl\u00f8b i Ilulissat \/ Ceciliel\u00f8bet<br \/>\n2013: 160 km. langrends race ved Arctic Circle Race i Sisimiut (gennemf\u00f8rte 100 km. &#8211; Styrt)<br \/>\n2013: 22 km. terr\u00e6nl\u00f8b i Ilulissat \/ Ceciliel\u00f8bet<br \/>\n2013: Halvmarathon i Nuuk \/ Nuuk Marathon<br \/>\n2014: 160 km. langrends race ved Arctic Circle Race i Sisimiut (gennemf\u00f8rte 130 km. &#8211; skade)<br \/>\n2014: Omkring 120 km. terr\u00e6nl\u00f8b Nuuk-Kapisillit<br \/>\n2015: 90 km. langrend i Sverige VASAloppet<br \/>\n2015: 160 km. langrends race ved Arctic Circle Race i Sisimiut (gennemf\u00f8rte 100 km. &#8211; vejret)<br \/>\n2015: Omkring 120 km. terr\u00e6nl\u00f8b Nuuk-Kapisillit<\/p>\n","protected":false},"excerpt":{"rendered":"<p>Jeg hedder Mette Steenholdt, er 42 \u00e5r, gift med l\u00e6kre Thomas og har 2 dejlige b\u00f8rn, Marcus p\u00e5 15 \u00e5r og Milla p\u00e5 12 \u00e5r. Jeg arbejder som CSR- og uddannelsesmanager. Jeg er uddannet coach og har mit eget lille coachingbureau iPotential, hvor jeg tilbyder coaching, foredrag\u00a0og kurser. Jeg er f\u00f8dt og vokset op i &hellip; <a href=\"https:\/\/mettesteenholdt.com\/en\/om-mette\/\" class=\"more-link\">Continue reading <span class=\"screen-reader-text\">About Mette<\/span> <span class=\"meta-nav\">&rarr;<\/span><\/a><\/p>\n","protected":false},"author":1,"featured_media":0,"parent":0,"menu_order":0,"comment_status":"closed","ping_status":"closed","template":"","meta":{"footnotes":""},"class_list":["post-1422","page","type-page","status-publish","hentry"],"jetpack_sharing_enabled":true,"_links":{"self":[{"href":"https:\/\/mettesteenholdt.com\/en\/wp-json\/wp\/v2\/pages\/1422","targetHints":{"allow":["GET"]}}],"collection":[{"href":"https:\/\/mettesteenholdt.com\/en\/wp-json\/wp\/v2\/pages"}],"about":[{"href":"https:\/\/mettesteenholdt.com\/en\/wp-json\/wp\/v2\/types\/page"}],"author":[{"embeddable":true,"href":"https:\/\/mettesteenholdt.com\/en\/wp-json\/wp\/v2\/users\/1"}],"replies":[{"embeddable":true,"href":"https:\/\/mettesteenholdt.com\/en\/wp-json\/wp\/v2\/comments?post=1422"}],"version-history":[{"count":2,"href":"https:\/\/mettesteenholdt.com\/en\/wp-json\/wp\/v2\/pages\/1422\/revisions"}],"predecessor-version":[{"id":1425,"href":"https:\/\/mettesteenholdt.com\/en\/wp-json\/wp\/v2\/pages\/1422\/revisions\/1425"}],"wp:attachment":[{"href":"https:\/\/mettesteenholdt.com\/en\/wp-json\/wp\/v2\/media?parent=1422"}],"curies":[{"name":"wp","href":"https:\/\/api.w.org\/{rel}","templated":true}]}}